{"id":19684,"date":"2023-01-15T07:40:33","date_gmt":"2023-01-15T07:40:33","guid":{"rendered":"https:\/\/agencezarrabi.com\/villa-a-vendre-nador\/"},"modified":"2023-01-15T09:25:22","modified_gmt":"2023-01-15T09:25:22","slug":"villa-a-vendre-nador","status":"publish","type":"page","link":"https:\/\/agencezarrabi.com\/es\/villa-a-vendre-nador\/","title":{"rendered":"Chalet en venta Nador"},"content":{"rendered":"\t\t<div data-elementor-type=\"wp-page\" data-elementor-id=\"19684\" class=\"elementor elementor-19684\" data-elementor-post-type=\"page\">\n\t\t\t\t\t\t<section class=\"elementor-section elementor-top-section elementor-element elementor-element-13862d86 elementor-section-stretched elementor-section-height-min-height elementor-section-boxed elementor-section-height-default elementor-section-items-middle\" data-id=\"13862d86\" data-element_type=\"section\" data-settings=\"{&quot;stretch_section&quot;:&quot;section-stretched&quot;,&quot;background_background&quot;:&quot;classic&quot;}\">\n\t\t\t\t\t\t\t<div class=\"elementor-background-overlay\"><\/div>\n\t\t\t\t\t\t\t<div class=\"elementor-container elementor-column-gap-default\">\n\t\t\t\t\t<div class=\"elementor-column elementor-col-100 elementor-top-column elementor-element elementor-element-754e2dd3\" data-id=\"754e2dd3\" data-element_type=\"column\">\n\t\t\t<div class=\"elementor-widget-wrap elementor-element-populated\">\n\t\t\t\t\t\t<section class=\"elementor-section elementor-inner-section elementor-element elementor-element-21d04690 elementor-section-boxed elementor-section-height-default elementor-section-height-default\" data-id=\"21d04690\" data-element_type=\"section\">\n\t\t\t\t\t\t<div class=\"elementor-container elementor-column-gap-default\">\n\t\t\t\t\t<div class=\"elementor-column elementor-col-16 elementor-inner-column elementor-element elementor-element-254476c\" data-id=\"254476c\" data-element_type=\"column\">\n\t\t\t<div class=\"elementor-widget-wrap\">\n\t\t\t\t\t\t\t<\/div>\n\t\t<\/div>\n\t\t\t\t<div class=\"elementor-column elementor-col-66 elementor-inner-column elementor-element elementor-element-7525876f\" data-id=\"7525876f\" data-element_type=\"column\">\n\t\t\t<div class=\"elementor-widget-wrap elementor-element-populated\">\n\t\t\t\t\t\t<div class=\"elementor-element elementor-element-1ce6925e animated-slow elementor-invisible elementor-widget elementor-widget-houzez_elementor_section_title\" data-id=\"1ce6925e\" data-element_type=\"widget\" data-settings=\"{&quot;_animation&quot;:&quot;fadeIn&quot;}\" data-widget_type=\"houzez_elementor_section_title.default\">\n\t\t\t\t<div class=\"elementor-widget-container\">\n\t\t\t\t\t            <div class=\"houzez_section_title_wrap section-title-module\">\n                                    <h2 class=\"houzez_section_title\">AGENCE IMMOBILI\u00c8RE AGENCE ZARRABI\n<\/h2>\n                \n                            <\/div>\n            \t\t\t\t<\/div>\n\t\t\t\t<\/div>\n\t\t\t\t\t<\/div>\n\t\t<\/div>\n\t\t\t\t<div class=\"elementor-column elementor-col-16 elementor-inner-column elementor-element elementor-element-511012bc\" data-id=\"511012bc\" data-element_type=\"column\">\n\t\t\t<div class=\"elementor-widget-wrap\">\n\t\t\t\t\t\t\t<\/div>\n\t\t<\/div>\n\t\t\t\t\t<\/div>\n\t\t<\/section>\n\t\t\t\t\t<\/div>\n\t\t<\/div>\n\t\t\t\t\t<\/div>\n\t\t<\/section>\n\t\t\t\t<section class=\"elementor-section elementor-top-section elementor-element elementor-element-2d35d346 elementor-section-boxed elementor-section-height-default elementor-section-height-default\" data-id=\"2d35d346\" data-element_type=\"section\">\n\t\t\t\t\t\t<div class=\"elementor-container elementor-column-gap-default\">\n\t\t\t\t\t<div class=\"elementor-column elementor-col-100 elementor-top-column elementor-element elementor-element-20eb0619\" data-id=\"20eb0619\" data-element_type=\"column\">\n\t\t\t<div class=\"elementor-widget-wrap elementor-element-populated\">\n\t\t\t\t\t\t<div class=\"elementor-element elementor-element-51f62601 elementor-button-align-stretch elementor-widget elementor-widget-houzez_elementor_search_builder\" data-id=\"51f62601\" data-element_type=\"widget\" data-widget_type=\"houzez_elementor_search_builder.default\">\n\t\t\t\t<div class=\"elementor-widget-container\">\n\t\t\t\t\t\n        <form class=\"houzez-search-form-js houzez-search-builder-form-js\" id=\"houzez-search-51f62601\" method=\"get\" action=\"https:\/\/agencezarrabi.com\/es\/search-results-fr\/\" >\n\n            \n            <ul id=\"houzez-search-tabs-wrap\" class=\"houzez-status-tabs nav nav-pills\" role=\"tablist\" data-bs-toggle=\"buttons\">\n            \n                \n                <li class=\"nav-item\">\n                                <a class=\"status-tab-js nav-link active\" data-val=\"for-rent\" data-bs-toggle=\"pill\" href=\"#\" role=\"tab\" aria-bs-selected=\"true\">\n                                    Propiedades en venta\n                                <\/a>\n                            <\/li><li class=\"nav-item\">\n                                <a class=\"status-tab-js nav-link \" data-val=\"for-sale\" data-bs-toggle=\"pill\" href=\"#\" role=\"tab\" aria-bs-selected=\"true\">\n                                    Propiedad en alquiler\n                                <\/a>\n                            <\/li><li class=\"nav-item\">\n                                <a class=\"status-tab-js nav-link \" data-val=\"foreclosures\" data-bs-toggle=\"pill\" href=\"#\" role=\"tab\" aria-bs-selected=\"true\">\n                                    alquiler vacacional\n                                <\/a>\n                            <\/li>                <input type=\"hidden\" name=\"status[]\" id=\"search-tabs\" value=\"for-rent\">\n            <\/ul>\n            \n            <div class=\"houzez-search-builder-wrapper\">\n\n                <div class=\"houzez-ele-search-form-wrapper elementor-form-fields-wrapper elementor-labels-above\">\n\n                                            <div class=\"elementor-field-group elementor-column form-group elementor-field-group-field-types elementor-col-20 elementor-sm-100\">\n                    <label for=\"form-field-field-types\" class=\"elementor-field-label\">Looking for<\/label>        <div class=\"elementor-field elementor-select-wrapper form-group\">\n            <select multiple=\"multiple\" title=\"Property Type\" data-selected-text-format=\"count &gt; 1\" data-select-all-text=\"Select All\" data-deselect-all-text=\"Deselect All\" data-actions-box=\"true\" data-count-selected-text=\"{0} types selected\" data-size=\"5\" name=\"type[]\" id=\"form-field-field-types\" class=\"selectpicker bs-select-hidden houzez-field-textual form-control elementor-size-sm \" data-none-results-text=\"No results matched {0}\">\n                <option data-ref=\"apartamento\"   value=\"apartamento\">Apartamento<\/option><option data-ref=\"autre\"   value=\"autre\">Autre<\/option><option data-ref=\"casa\"   value=\"casa\">Casa<\/option><option data-ref=\"comercial\"   value=\"comercial\">Comercial<\/option><option data-ref=\"despacho\"   value=\"despacho\">Despacho<\/option><option data-ref=\"duplex-es\"   value=\"duplex-es\">Duplex<\/option><option data-ref=\"estudio\"   value=\"estudio\">Estudio<\/option><option data-ref=\"ferme\"   value=\"ferme\">Ferme<\/option><option data-ref=\"hotel\"   value=\"hotel\">H\u00f4tel<\/option><option data-ref=\"immeuble\"   value=\"immeuble\">immeuble<\/option><option data-ref=\"promotion-es\"   value=\"promotion-es\">promotion<\/option><option data-ref=\"promotion-es-2\"   value=\"promotion-es-2\">promotion<\/option><option data-ref=\"residencial\"   value=\"residencial\">Residencial<\/option><option data-ref=\"terrain-es\"   value=\"terrain-es\">terrain<\/option><option data-ref=\"tienda\"   value=\"tienda\">Tienda<\/option><option data-ref=\"villa-es\"   value=\"villa-es\">Villa<\/option>            <\/select>\n        <\/div>\n                            <\/div>\n                                <div class=\"elementor-field-group elementor-column form-group elementor-field-group-6b0017d elementor-col-20\">\n                    <label for=\"form-field-6b0017d\" class=\"elementor-field-label\">Location<\/label>        <div class=\"elementor-field elementor-select-wrapper form-group\">\n            <select data-size=\"5\" name=\"location[]\" id=\"form-field-6b0017d\" class=\"selectpicker bs-select-hidden houzez-field-textual form-control elementor-size-sm houzezSelectFilter houzezCityFilter houzezThirdList houzez-city-js\" data-none-results-text=\"No results matched {0}\" data-target=\"houzezFourthList\">\n                <option value=\"\">All Citites<\/option><option data-ref=\"ahfir\" data-belong=\"\" data-subtext=\"\" value=\"ahfir\">Ahfir<\/option><option data-ref=\"al-hoceima\" data-belong=\"\" data-subtext=\"\" value=\"al-hoceima\">Al Hoceima<\/option><option data-ref=\"arouit\" data-belong=\"\" data-subtext=\"\" value=\"arouit\">arouit<\/option><option data-ref=\"berkane-es\" data-belong=\"oriental-es\" data-subtext=\"oriental\" value=\"berkane-es\">Berkane<\/option><option data-ref=\"cap-de-leau\" data-belong=\"\" data-subtext=\"\" value=\"cap-de-leau\">cap de l&#039;eau<\/option><option data-ref=\"casablanca\" data-belong=\"\" data-subtext=\"\" value=\"casablanca\">Casablanca<\/option><option data-ref=\"marrakech\" data-belong=\"\" data-subtext=\"\" value=\"marrakech\">Marrakech<\/option><option data-ref=\"mekness\" data-belong=\"\" data-subtext=\"\" value=\"mekness\">Mekness<\/option><option data-ref=\"nador-es\" data-belong=\"oriental-es\" data-subtext=\"oriental\" value=\"nador-es\">Nador<\/option><option data-ref=\"oujda-es\" data-belong=\"oriental-es\" data-subtext=\"oriental\" value=\"oujda-es\">Oujda<\/option><option data-ref=\"rabat\" data-belong=\"\" data-subtext=\"\" value=\"rabat\">Rabat<\/option><option data-ref=\"saidia-es\" data-belong=\"oriental-es\" data-subtext=\"oriental\" value=\"saidia-es\">Saidia<\/option><option data-ref=\"seloune-es\" data-belong=\"\" data-subtext=\"\" value=\"seloune-es\">seloune<\/option><option data-ref=\"tanger\" data-belong=\"\" data-subtext=\"\" value=\"tanger\">Tanger<\/option><option data-ref=\"tetouan\" data-belong=\"\" data-subtext=\"\" value=\"tetouan\">T\u00e9touan<\/option><option data-ref=\"tiflet\" data-belong=\"\" data-subtext=\"\" value=\"tiflet\">tiflet<\/option><option data-ref=\"tiflet-tiflet\" data-belong=\"\" value=\"tiflet-tiflet\"> - tiflet<\/option><option data-ref=\"zaio\" data-belong=\"\" data-subtext=\"\" value=\"zaio\">zaio<\/option>            <\/select>\n        <\/div>\n                            <\/div>\n                                <div class=\"elementor-field-group elementor-column form-group elementor-field-group-field-beds elementor-col-20 elementor-sm-100\">\n                    <label for=\"form-field-field-beds\" class=\"elementor-field-label\">Property Size<\/label>        <div class=\"elementor-field elementor-select-wrapper\">\n            <select data-size=\"5\" name=\"bedrooms\" id=\"form-field-field-beds\" class=\"selectpicker bs-select-hidden houzez-field-textual form-control elementor-size-sm\">\n                <option value=\"\">Bedrooms<\/option><option value=\"1\">1<\/option><option value=\"2\">2<\/option><option value=\"3\">3<\/option><option value=\"4\">4<\/option><option value=\"5\">5<\/option><option value=\"6\">6<\/option><option value=\"7\">7<\/option><option value=\"8\">8<\/option><option value=\"9\">9<\/option><option value=\"10\">10<\/option><option value=\"any\">Any<\/option>            <\/select>\n        <\/div>\n                            <\/div>\n                                <div class=\"elementor-field-group elementor-column form-group elementor-field-group-field-max-price elementor-col-20 elementor-sm-100\">\n                    <label for=\"form-field-field-max-price\" class=\"elementor-field-label\">Your budget<\/label>        <div class=\"prices-for-all elementor-field elementor-select-wrapper\">\n            <select data-size=\"5\" name=\"max-price\" id=\"form-field-field-max-price\" class=\"selectpicker bs-select-hidden houzez-field-textual form-control elementor-size-sm\">\n                <option value=\"\">Max. Price<\/option><option value=\"any\">Any<\/option><option value=\"5000\">5,000   Dh<\/option><option value=\"10000\">10,000   Dh<\/option><option value=\"50000\">50,000   Dh<\/option><option value=\"100000\">100,000   Dh<\/option><option value=\"200000\">200,000   Dh<\/option><option value=\"300000\">300,000   Dh<\/option><option value=\"400000\">400,000   Dh<\/option><option value=\"500000\">500,000   Dh<\/option><option value=\"600000\">600,000   Dh<\/option><option value=\"700000\">700,000   Dh<\/option><option value=\"800000\">800,000   Dh<\/option><option value=\"900000\">900,000   Dh<\/option><option value=\"1000000\">1,000,000   Dh<\/option><option value=\"1500000\">1,500,000   Dh<\/option><option value=\"2000000\">2,000,000   Dh<\/option><option value=\"2500000\">2,500,000   Dh<\/option><option value=\"5000000\">5,000,000   Dh<\/option><option value=\"10000000\">10,000,000   Dh<\/option>\n            <\/select>\n        <\/div>\n\n        <div class=\"hide prices-only-for-rent elementor-field elementor-select-wrapper\">\n            <select data-size=\"5\" name=\"max-price\" id=\"form-field-field-max-price\" class=\"selectpicker bs-select-hidden houzez-field-textual form-control elementor-size-sm\">\n                <option value=\"\">Max. Price<\/option><option value=\"any\">Any<\/option><option value=\"1000\">1,000   Dh<\/option><option value=\"2000\">2,000   Dh<\/option><option value=\"3000\">3,000   Dh<\/option><option value=\"4000\">4,000   Dh<\/option><option value=\"5000\">5,000   Dh<\/option><option value=\"7500\">7,500   Dh<\/option><option value=\"10000\">10,000   Dh<\/option><option value=\"15000\">15,000   Dh<\/option><option value=\"20000\">20,000   Dh<\/option><option value=\"25000\">25,000   Dh<\/option><option value=\"30000\">30,000   Dh<\/option><option value=\"40000\">40,000   Dh<\/option><option value=\"50000\">50,000   Dh<\/option><option value=\"75000\">75,000   Dh<\/option><option value=\"100000\">100,000   Dh<\/option><option value=\"150000\">150,000   Dh<\/option>\n            <\/select>\n        <\/div>\n                            <\/div>\n                                    <div class=\"elementor-field-group elementor-column elementor-field-type-submit elementor-col-20\">\n                                <button type=\"submit\" class=\"houzez-search-button btn-primary elementor-button elementor-size-sm\">\n                                                                            Search                                                                    <\/button>\n                            <\/div>\n                            \n                <\/div>\n\n                            <\/div> \n        <\/form>\n\n        \t\t\t\t<\/div>\n\t\t\t\t<\/div>\n\t\t\t\t\t<\/div>\n\t\t<\/div>\n\t\t\t\t\t<\/div>\n\t\t<\/section>\n\t\t\t\t<\/div>\n\t\t","protected":false},"excerpt":{"rendered":"<p>AGENCE IMMOBILI\u00c8RE AGENCE ZARRABI Bien \u00e0 louer Biens \u00e0 vendre Location vacances Looking for<\/p>\n","protected":false},"author":1,"featured_media":0,"parent":0,"menu_order":0,"comment_status":"closed","ping_status":"closed","template":"elementor_header_footer","meta":{"content-type":"","om_disable_all_campaigns":false,"_monsterinsights_skip_tracking":false,"_monsterinsights_sitenote_active":false,"_monsterinsights_sitenote_note":"","_monsterinsights_sitenote_category":0,"_joinchat":[],"footnotes":""},"class_list":["post-19684","page","type-page","status-publish","hentry"],"aioseo_notices":[],"yoast_head":"\n<title>Chalet en venta Nador - agencezarrabi<\/title>\n<meta name=\"description\" content=\"Descubre una gran variedad de propiedades disponibles para Rent\u2713 invirtiendo en bienes ra\u00edces Reservas 0644017000\" \/>\n<meta name=\"robots\" content=\"index, follow, max-snippet:-1, max-image-preview:large, max-video-preview:-1\" \/>\n<link rel=\"canonical\" href=\"https:\/\/agencezarrabi.com\/es\/villa-a-vendre-nador\/\" \/>\n<meta property=\"og:locale\" content=\"es_ES\" \/>\n<meta property=\"og:type\" content=\"article\" \/>\n<meta property=\"og:title\" content=\"Chalet en venta Nador\" \/>\n<meta property=\"og:description\" content=\"Descubre una gran variedad de propiedades disponibles para Rent\u2713 invirtiendo en bienes ra\u00edces Reservas 0644017000\" \/>\n<meta property=\"og:url\" content=\"https:\/\/agencezarrabi.com\/es\/villa-a-vendre-nador\/\" \/>\n<meta property=\"og:site_name\" content=\"agencezarrabi\" \/>\n<meta property=\"article:modified_time\" content=\"2023-01-15T09:25:22+00:00\" \/>\n<meta name=\"twitter:card\" content=\"summary_large_image\" \/>\n<meta name=\"twitter:label1\" content=\"Tiempo de lectura\" \/>\n\t<meta name=\"twitter:data1\" content=\"1 minuto\" \/>\n<script type=\"application\/ld+json\" class=\"yoast-schema-graph\">{\"@context\":\"https:\/\/schema.org\",\"@graph\":[{\"@type\":\"WebPage\",\"@id\":\"https:\/\/agencezarrabi.com\/es\/villa-a-vendre-nador\/\",\"url\":\"https:\/\/agencezarrabi.com\/es\/villa-a-vendre-nador\/\",\"name\":\"Chalet en venta Nador - agencezarrabi\",\"isPartOf\":{\"@id\":\"https:\/\/agencezarrabi.com\/#website\"},\"datePublished\":\"2023-01-15T07:40:33+00:00\",\"dateModified\":\"2023-01-15T09:25:22+00:00\",\"description\":\"Descubre una gran variedad de propiedades disponibles para Rent\u2713 invirtiendo en bienes ra\u00edces Reservas 0644017000\",\"breadcrumb\":{\"@id\":\"https:\/\/agencezarrabi.com\/es\/villa-a-vendre-nador\/#breadcrumb\"},\"inLanguage\":\"es\",\"potentialAction\":[{\"@type\":\"ReadAction\",\"target\":[\"https:\/\/agencezarrabi.com\/es\/villa-a-vendre-nador\/\"]}]},{\"@type\":\"BreadcrumbList\",\"@id\":\"https:\/\/agencezarrabi.com\/es\/villa-a-vendre-nador\/#breadcrumb\",\"itemListElement\":[{\"@type\":\"ListItem\",\"position\":1,\"name\":\"Home\",\"item\":\"https:\/\/agencezarrabi.com\/es\/\"},{\"@type\":\"ListItem\",\"position\":2,\"name\":\"Chalet en venta Nador\"}]},{\"@type\":\"WebSite\",\"@id\":\"https:\/\/agencezarrabi.com\/#website\",\"url\":\"https:\/\/agencezarrabi.com\/\",\"name\":\"agencezarrabi\",\"description\":\"agencezarrabi\",\"potentialAction\":[{\"@type\":\"SearchAction\",\"target\":{\"@type\":\"EntryPoint\",\"urlTemplate\":\"https:\/\/agencezarrabi.com\/?s={search_term_string}\"},\"query-input\":{\"@type\":\"PropertyValueSpecification\",\"valueRequired\":true,\"valueName\":\"search_term_string\"}}],\"inLanguage\":\"es\"}]}<\/script>\n","yoast_head_json":{"title":"Chalet en venta Nador - agencezarrabi","description":"Descubre una gran variedad de propiedades disponibles para Rent\u2713 invirtiendo en bienes ra\u00edces Reservas 0644017000","robots":{"index":"index","follow":"follow","max-snippet":"max-snippet:-1","max-image-preview":"max-image-preview:large","max-video-preview":"max-video-preview:-1"},"canonical":"https:\/\/agencezarrabi.com\/es\/villa-a-vendre-nador\/","og_locale":"es_ES","og_type":"article","og_title":"Chalet en venta Nador","og_description":"Descubre una gran variedad de propiedades disponibles para Rent\u2713 invirtiendo en bienes ra\u00edces Reservas 0644017000","og_url":"https:\/\/agencezarrabi.com\/es\/villa-a-vendre-nador\/","og_site_name":"agencezarrabi","article_modified_time":"2023-01-15T09:25:22+00:00","twitter_card":"summary_large_image","twitter_misc":{"Tiempo de lectura":"1 minuto"},"schema":{"@context":"https:\/\/schema.org","@graph":[{"@type":"WebPage","@id":"https:\/\/agencezarrabi.com\/es\/villa-a-vendre-nador\/","url":"https:\/\/agencezarrabi.com\/es\/villa-a-vendre-nador\/","name":"Chalet en venta Nador - agencezarrabi","isPartOf":{"@id":"https:\/\/agencezarrabi.com\/#website"},"datePublished":"2023-01-15T07:40:33+00:00","dateModified":"2023-01-15T09:25:22+00:00","description":"Descubre una gran variedad de propiedades disponibles para Rent\u2713 invirtiendo en bienes ra\u00edces Reservas 0644017000","breadcrumb":{"@id":"https:\/\/agencezarrabi.com\/es\/villa-a-vendre-nador\/#breadcrumb"},"inLanguage":"es","potentialAction":[{"@type":"ReadAction","target":["https:\/\/agencezarrabi.com\/es\/villa-a-vendre-nador\/"]}]},{"@type":"BreadcrumbList","@id":"https:\/\/agencezarrabi.com\/es\/villa-a-vendre-nador\/#breadcrumb","itemListElement":[{"@type":"ListItem","position":1,"name":"Home","item":"https:\/\/agencezarrabi.com\/es\/"},{"@type":"ListItem","position":2,"name":"Chalet en venta Nador"}]},{"@type":"WebSite","@id":"https:\/\/agencezarrabi.com\/#website","url":"https:\/\/agencezarrabi.com\/","name":"agencezarrabi","description":"agencezarrabi","potentialAction":[{"@type":"SearchAction","target":{"@type":"EntryPoint","urlTemplate":"https:\/\/agencezarrabi.com\/?s={search_term_string}"},"query-input":{"@type":"PropertyValueSpecification","valueRequired":true,"valueName":"search_term_string"}}],"inLanguage":"es"}]}},"_links":{"self":[{"href":"https:\/\/agencezarrabi.com\/es\/wp-json\/wp\/v2\/pages\/19684","targetHints":{"allow":["GET"]}}],"collection":[{"href":"https:\/\/agencezarrabi.com\/es\/wp-json\/wp\/v2\/pages"}],"about":[{"href":"https:\/\/agencezarrabi.com\/es\/wp-json\/wp\/v2\/types\/page"}],"author":[{"embeddable":true,"href":"https:\/\/agencezarrabi.com\/es\/wp-json\/wp\/v2\/users\/1"}],"replies":[{"embeddable":true,"href":"https:\/\/agencezarrabi.com\/es\/wp-json\/wp\/v2\/comments?post=19684"}],"version-history":[{"count":0,"href":"https:\/\/agencezarrabi.com\/es\/wp-json\/wp\/v2\/pages\/19684\/revisions"}],"wp:attachment":[{"href":"https:\/\/agencezarrabi.com\/es\/wp-json\/wp\/v2\/media?parent=19684"}],"curies":[{"name":"wp","href":"https:\/\/api.w.org\/{rel}","templated":true}]}}