{"id":27297,"date":"2023-04-24T14:26:17","date_gmt":"2023-04-24T14:26:17","guid":{"rendered":"https:\/\/agencezarrabi.com\/estimer\/"},"modified":"2023-04-25T12:20:12","modified_gmt":"2023-04-25T12:20:12","slug":"estimer","status":"publish","type":"page","link":"https:\/\/agencezarrabi.com\/ar\/estimer\/","title":{"rendered":"Estimer"},"content":{"rendered":"\t\t<div data-elementor-type=\"wp-page\" data-elementor-id=\"27297\" class=\"elementor elementor-27297\" data-elementor-post-type=\"page\">\n\t\t\t\t\t\t<section class=\"elementor-section elementor-top-section elementor-element elementor-element-6eb5423c elementor-section-height-min-height animated-slow elementor-section-boxed elementor-section-height-default elementor-section-items-middle elementor-invisible\" data-id=\"6eb5423c\" data-element_type=\"section\" data-settings=\"{&quot;background_background&quot;:&quot;classic&quot;,&quot;animation&quot;:&quot;fadeIn&quot;}\">\n\t\t\t\t\t\t\t<div class=\"elementor-background-overlay\"><\/div>\n\t\t\t\t\t\t\t<div class=\"elementor-container elementor-column-gap-default\">\n\t\t\t\t\t<div class=\"elementor-column elementor-col-100 elementor-top-column elementor-element elementor-element-65c05a03\" data-id=\"65c05a03\" data-element_type=\"column\">\n\t\t\t<div class=\"elementor-widget-wrap elementor-element-populated\">\n\t\t\t\t\t\t<div class=\"elementor-element elementor-element-2bdfc793 elementor-widget elementor-widget-heading\" data-id=\"2bdfc793\" data-element_type=\"widget\" data-widget_type=\"heading.default\">\n\t\t\t\t<div class=\"elementor-widget-container\">\n\t\t\t\t\t<h1 class=\"elementor-heading-title elementor-size-default\">Estimer<\/h1>\t\t\t\t<\/div>\n\t\t\t\t<\/div>\n\t\t\t\t\t<\/div>\n\t\t<\/div>\n\t\t\t\t\t<\/div>\n\t\t<\/section>\n\t\t\t\t<section class=\"elementor-section elementor-top-section elementor-element elementor-element-363eb54e elementor-section-boxed elementor-section-height-default elementor-section-height-default\" data-id=\"363eb54e\" data-element_type=\"section\">\n\t\t\t\t\t\t<div class=\"elementor-container elementor-column-gap-default\">\n\t\t\t\t\t<div class=\"elementor-column elementor-col-50 elementor-top-column elementor-element elementor-element-2defd884\" data-id=\"2defd884\" data-element_type=\"column\">\n\t\t\t<div class=\"elementor-widget-wrap elementor-element-populated\">\n\t\t\t\t\t\t<div class=\"elementor-element elementor-element-8e95a0a elementor-widget elementor-widget-text-editor\" data-id=\"8e95a0a\" data-element_type=\"widget\" data-widget_type=\"text-editor.default\">\n\t\t\t\t<div class=\"elementor-widget-container\">\n\t\t\t\t\t\t\t\t\t<p><strong>AGENCE ZARRABI<\/strong> ESTIMEZ VOTRE BIEN EN TOUTE CONFIANCE<\/p><p>L\u2019Analyse Comparative de March\u00e9 Agence zarrabi<\/p><p>Pour vous aider dans la d\u00e9termination du prix de vente de votre bien immobilier, votre <strong>agence zarrabi<\/strong> ainsi que ses \u00e9quipes de professionnels de l\u2019immobilier vous offrent la possibilit\u00e9 de r\u00e9aliser une pr\u00e9-estimation en ligne de votre bien immobilier. Pour cela, nous nous basons sur une m\u00e9thode d\u2019\u00e9valuation sp\u00e9cifique : l\u2019ACM (Analyse Comparative du March\u00e9).<\/p><p>Celle-ci a pour but de vous livrer une premi\u00e8re fourchette de prix estimative. Toutefois, il reste imp\u00e9ratif de faire appel \u00e0 l\u2019un de nos conseillers agence zarrabi : celui-ci pourra ainsi vous proposer une estimation la plus pr\u00e9cise possible de votre bien immobilier.<\/p><div id=\"urban_overlay\" style=\"left: -10px; top: -10px; width: 0px; height: 0px;\">\u00a0<\/div>\t\t\t\t\t\t\t\t<\/div>\n\t\t\t\t<\/div>\n\t\t\t\t\t<\/div>\n\t\t<\/div>\n\t\t\t\t<div class=\"elementor-column elementor-col-50 elementor-top-column elementor-element elementor-element-5dd7e2d6\" data-id=\"5dd7e2d6\" data-element_type=\"column\">\n\t\t\t<div class=\"elementor-widget-wrap elementor-element-populated\">\n\t\t\t\t\t\t<div class=\"elementor-element elementor-element-6cc0f333 elementor-widget elementor-widget-google_maps\" data-id=\"6cc0f333\" data-element_type=\"widget\" data-widget_type=\"google_maps.default\">\n\t\t\t\t<div class=\"elementor-widget-container\">\n\t\t\t\t\t\t\t<div class=\"elementor-custom-embed\">\n\t\t\t<iframe loading=\"lazy\"\n\t\t\t\t\tsrc=\"https:\/\/maps.google.com\/maps?q=agencezarrabi&#038;t=m&#038;z=10&#038;output=embed&#038;iwloc=near\"\n\t\t\t\t\ttitle=\"agencezarrabi\"\n\t\t\t\t\taria-label=\"agencezarrabi\"\n\t\t\t><\/iframe>\n\t\t<\/div>\n\t\t\t\t\t\t<\/div>\n\t\t\t\t<\/div>\n\t\t\t\t\t<\/div>\n\t\t<\/div>\n\t\t\t\t\t<\/div>\n\t\t<\/section>\n\t\t\t\t<\/div>\n\t\t","protected":false},"excerpt":{"rendered":"<p>Estimer AGENCE ZARRABI ESTIMEZ VOTRE BIEN EN TOUTE CONFIANCE L\u2019Analyse Comparative de March\u00e9 Agence zarrabi Pour vous aider dans la d\u00e9termination du prix de vente de votre bien immobilier, votre agence zarrabi ainsi que ses \u00e9quipes de professionnels de l\u2019immobilier vous offrent la possibilit\u00e9 de r\u00e9aliser une pr\u00e9-estimation en ligne de votre bien immobilier. Pour [&hellip;]<\/p>\n","protected":false},"author":1,"featured_media":0,"parent":0,"menu_order":0,"comment_status":"closed","ping_status":"closed","template":"template\/template-homepage.php","meta":{"content-type":"","om_disable_all_campaigns":false,"_monsterinsights_skip_tracking":false,"_monsterinsights_sitenote_active":false,"_monsterinsights_sitenote_note":"","_monsterinsights_sitenote_category":0,"_joinchat":[],"footnotes":""},"class_list":["post-27297","page","type-page","status-publish","hentry"],"aioseo_notices":[],"yoast_head":"\n<title>Estimer - agencezarrabi<\/title>\n<meta name=\"robots\" content=\"index, follow, max-snippet:-1, max-image-preview:large, max-video-preview:-1\" \/>\n<link rel=\"canonical\" href=\"https:\/\/agencezarrabi.com\/ar\/estimer\/\" \/>\n<meta property=\"og:locale\" content=\"ar_AR\" \/>\n<meta property=\"og:type\" content=\"article\" \/>\n<meta property=\"og:title\" content=\"Estimer\" \/>\n<meta property=\"og:description\" content=\"Estimer AGENCE ZARRABI ESTIMEZ VOTRE BIEN EN TOUTE CONFIANCE L\u2019Analyse Comparative de March\u00e9 Agence zarrabi Pour vous aider dans la d\u00e9termination du prix de vente de votre bien immobilier, votre agence zarrabi ainsi que ses \u00e9quipes de professionnels de l\u2019immobilier vous offrent la possibilit\u00e9 de r\u00e9aliser une pr\u00e9-estimation en ligne de votre bien immobilier. Pour [&hellip;]\" \/>\n<meta property=\"og:url\" content=\"https:\/\/agencezarrabi.com\/ar\/estimer\/\" \/>\n<meta property=\"og:site_name\" content=\"agencezarrabi\" \/>\n<meta property=\"article:modified_time\" content=\"2023-04-25T12:20:12+00:00\" \/>\n<meta name=\"twitter:card\" content=\"summary_large_image\" \/>\n<meta name=\"twitter:label1\" content=\"\u0648\u0642\u062a \u0627\u0644\u0642\u0631\u0627\u0621\u0629 \u0627\u0644\u0645\u064f\u0642\u062f\u0651\u0631\" \/>\n\t<meta name=\"twitter:data1\" content=\"1 \u062f\u0642\u064a\u0642\u0629\" \/>\n<script type=\"application\/ld+json\" class=\"yoast-schema-graph\">{\"@context\":\"https:\/\/schema.org\",\"@graph\":[{\"@type\":\"WebPage\",\"@id\":\"https:\/\/agencezarrabi.com\/ar\/estimer\/\",\"url\":\"https:\/\/agencezarrabi.com\/ar\/estimer\/\",\"name\":\"Estimer - agencezarrabi\",\"isPartOf\":{\"@id\":\"https:\/\/agencezarrabi.com\/#website\"},\"datePublished\":\"2023-04-24T14:26:17+00:00\",\"dateModified\":\"2023-04-25T12:20:12+00:00\",\"breadcrumb\":{\"@id\":\"https:\/\/agencezarrabi.com\/ar\/estimer\/#breadcrumb\"},\"inLanguage\":\"ar\",\"potentialAction\":[{\"@type\":\"ReadAction\",\"target\":[\"https:\/\/agencezarrabi.com\/ar\/estimer\/\"]}]},{\"@type\":\"BreadcrumbList\",\"@id\":\"https:\/\/agencezarrabi.com\/ar\/estimer\/#breadcrumb\",\"itemListElement\":[{\"@type\":\"ListItem\",\"position\":1,\"name\":\"Home\",\"item\":\"https:\/\/agencezarrabi.com\/\"},{\"@type\":\"ListItem\",\"position\":2,\"name\":\"Estimer\"}]},{\"@type\":\"WebSite\",\"@id\":\"https:\/\/agencezarrabi.com\/#website\",\"url\":\"https:\/\/agencezarrabi.com\/\",\"name\":\"agencezarrabi\",\"description\":\"agencezarrabi\",\"potentialAction\":[{\"@type\":\"SearchAction\",\"target\":{\"@type\":\"EntryPoint\",\"urlTemplate\":\"https:\/\/agencezarrabi.com\/?s={search_term_string}\"},\"query-input\":{\"@type\":\"PropertyValueSpecification\",\"valueRequired\":true,\"valueName\":\"search_term_string\"}}],\"inLanguage\":\"ar\"}]}<\/script>\n","yoast_head_json":{"title":"Estimer - agencezarrabi","robots":{"index":"index","follow":"follow","max-snippet":"max-snippet:-1","max-image-preview":"max-image-preview:large","max-video-preview":"max-video-preview:-1"},"canonical":"https:\/\/agencezarrabi.com\/ar\/estimer\/","og_locale":"ar_AR","og_type":"article","og_title":"Estimer","og_description":"Estimer AGENCE ZARRABI ESTIMEZ VOTRE BIEN EN TOUTE CONFIANCE L\u2019Analyse Comparative de March\u00e9 Agence zarrabi Pour vous aider dans la d\u00e9termination du prix de vente de votre bien immobilier, votre agence zarrabi ainsi que ses \u00e9quipes de professionnels de l\u2019immobilier vous offrent la possibilit\u00e9 de r\u00e9aliser une pr\u00e9-estimation en ligne de votre bien immobilier. Pour [&hellip;]","og_url":"https:\/\/agencezarrabi.com\/ar\/estimer\/","og_site_name":"agencezarrabi","article_modified_time":"2023-04-25T12:20:12+00:00","twitter_card":"summary_large_image","twitter_misc":{"\u0648\u0642\u062a \u0627\u0644\u0642\u0631\u0627\u0621\u0629 \u0627\u0644\u0645\u064f\u0642\u062f\u0651\u0631":"1 \u062f\u0642\u064a\u0642\u0629"},"schema":{"@context":"https:\/\/schema.org","@graph":[{"@type":"WebPage","@id":"https:\/\/agencezarrabi.com\/ar\/estimer\/","url":"https:\/\/agencezarrabi.com\/ar\/estimer\/","name":"Estimer - agencezarrabi","isPartOf":{"@id":"https:\/\/agencezarrabi.com\/#website"},"datePublished":"2023-04-24T14:26:17+00:00","dateModified":"2023-04-25T12:20:12+00:00","breadcrumb":{"@id":"https:\/\/agencezarrabi.com\/ar\/estimer\/#breadcrumb"},"inLanguage":"ar","potentialAction":[{"@type":"ReadAction","target":["https:\/\/agencezarrabi.com\/ar\/estimer\/"]}]},{"@type":"BreadcrumbList","@id":"https:\/\/agencezarrabi.com\/ar\/estimer\/#breadcrumb","itemListElement":[{"@type":"ListItem","position":1,"name":"Home","item":"https:\/\/agencezarrabi.com\/"},{"@type":"ListItem","position":2,"name":"Estimer"}]},{"@type":"WebSite","@id":"https:\/\/agencezarrabi.com\/#website","url":"https:\/\/agencezarrabi.com\/","name":"agencezarrabi","description":"agencezarrabi","potentialAction":[{"@type":"SearchAction","target":{"@type":"EntryPoint","urlTemplate":"https:\/\/agencezarrabi.com\/?s={search_term_string}"},"query-input":{"@type":"PropertyValueSpecification","valueRequired":true,"valueName":"search_term_string"}}],"inLanguage":"ar"}]}},"_links":{"self":[{"href":"https:\/\/agencezarrabi.com\/ar\/wp-json\/wp\/v2\/pages\/27297","targetHints":{"allow":["GET"]}}],"collection":[{"href":"https:\/\/agencezarrabi.com\/ar\/wp-json\/wp\/v2\/pages"}],"about":[{"href":"https:\/\/agencezarrabi.com\/ar\/wp-json\/wp\/v2\/types\/page"}],"author":[{"embeddable":true,"href":"https:\/\/agencezarrabi.com\/ar\/wp-json\/wp\/v2\/users\/1"}],"replies":[{"embeddable":true,"href":"https:\/\/agencezarrabi.com\/ar\/wp-json\/wp\/v2\/comments?post=27297"}],"version-history":[{"count":4,"href":"https:\/\/agencezarrabi.com\/ar\/wp-json\/wp\/v2\/pages\/27297\/revisions"}],"predecessor-version":[{"id":27326,"href":"https:\/\/agencezarrabi.com\/ar\/wp-json\/wp\/v2\/pages\/27297\/revisions\/27326"}],"wp:attachment":[{"href":"https:\/\/agencezarrabi.com\/ar\/wp-json\/wp\/v2\/media?parent=27297"}],"curies":[{"name":"wp","href":"https:\/\/api.w.org\/{rel}","templated":true}]}}